{"id":470,"date":"2012-05-22T20:16:52","date_gmt":"2012-05-22T20:16:52","guid":{"rendered":"http:\/\/www.mondetourdumonde.com\/?page_id=470"},"modified":"2021-12-01T15:03:12","modified_gmt":"2021-12-01T15:03:12","slug":"infos-pratiques","status":"publish","type":"page","link":"http:\/\/www.mondetourdumonde.com\/?page_id=470","title":{"rendered":"Infos pratiques"},"content":{"rendered":"<p style=\"text-align: justify;\">Tant qu&rsquo;\u00e0 faire quand on passe par un h\u00f4tel vraiment sympa ou qu&rsquo;on d\u00e9couvre un coin particulier, il vaut mieux partager l&rsquo;information. Donc ici, je regrouperai les bonnes infos pratiques pour que cela puisse servir \u00e0 d&rsquo;autres.<\/p>\n<p style=\"text-align: justify;\"><strong>A Potosi (Bolivie) :<\/strong><\/p>\n<p style=\"text-align: justify;\">&#8211; Hostel Koala Den (Calle Junin #56, Potosi, Bolivie), tr\u00e8s sympa, l&rsquo;annexe est presque encore mieux car plus calme. Superbe petit d\u00e9jeuner.<\/p>\n<p style=\"text-align: justify;\"><strong>A Sucre (Bolivie) :<\/strong><\/p>\n<p style=\"text-align: justify;\">&#8211; Hostel San Marcos (Calle Aniceto Arce # 233) : tr\u00e8s calme, \u00e0 2 pas du march\u00e9 principal.<\/p>\n<p style=\"text-align: justify;\">&#8211; Prendre le petit d\u00e9j au 1er \u00e9tage du mercado central ou m\u00eame son almuerzo le midi. Vraiment pas cher et nourriture on ne peut plus locale.<\/p>\n<p style=\"text-align: justify;\"><strong>A Cuzco (P\u00e9rou) :<\/strong><\/p>\n<p style=\"text-align: justify;\">&#8211; Hostel Ecopackers (Santa Teresa #375, Cusco, P\u00e9rou) : tr\u00e8s central, pas cher, sanitaires impeccables, bar et resto tr\u00e8s abordable.<\/p>\n<p style=\"text-align: justify;\"><strong>Machu Picchu :<\/strong><\/p>\n<p style=\"text-align: justify;\"><span style=\"color: #ff0000;\">Attention, entre fin mai et septembre, il est fortement conseill\u00e9 de s&rsquo;y prendre \u00e0 l&rsquo;avance sous peine de devoir attendre plusieurs jours pour pouvoir trouver une place dans le train ou un billet d&rsquo;entr\u00e9e.<\/span><\/p>\n<p style=\"text-align: justify;\">&#8211; prendre un billet de train de Cuzco \u00e0 Aguas Calientes : en fait pour les touristes c&rsquo;est de Poroy (gare \u00e0 20 min en taxi de Cuzco) \u00e0 Aguas Calientes. Perurail vend des billets soit dans des agences de Cuzco, soit par internet (<a href=\"http:\/\/www.perurail.com\/en\/\">http:\/\/www.perurail.com\/en\/<\/a>). Le mieux est de pr\u00e9voir son train la veille de la visite et le retour \u00e9ventuellement le soir m\u00eame.<\/p>\n<p style=\"text-align: justify;\">&#8211; r\u00e9server son billet d&rsquo;entr\u00e9e. Ca doit pouvoir se faire dans les agences de tourisme, mais tout aussi simple sur internet : <a href=\"http:\/\/www.machupicchu.gob.pe\/\">http:\/\/www.machupicchu.gob.pe\/<\/a>. L&rsquo;ascension du Wayna Picchu (45 min) ou de la montagne Machu Picchu (2 heures) doit \u00eatre r\u00e9serv\u00e9e lors de la r\u00e9servation du billet (il ne sera plus possible de le faire apr\u00e8s). Le Wayna Picchu est le pic qui surplombe le Machu Picchu et que l&rsquo;on voit sur toutes les photos. La montagne Machu Picchu lui fait face, est plus haute et ascension plus longue.<\/p>\n<p style=\"text-align: justify;\">&#8211; r\u00e9server un logement \u00e0 Aguas Calientes pour la veille de la visite (il y a plein d&rsquo;hostels, mais en p\u00e9riode de forte affluence (juin-sept), mieux vaut r\u00e9server \u00e0 l&rsquo;avance).<\/p>\n<p style=\"text-align: justify;\">&#8211; la veille de la visite, \u00e0 partir de 14h30-15h, prendre son billet de bus pour monter depuis Aguas Calientes jusqu&rsquo;au site lui-m\u00eame. Le billet se prend sur la route qui m\u00e8ne au Machu Picchu (Av Hermanos Ayar). On peut prendre le billet le matin m\u00eame, mais on risque de ne pas pouvoir prendre un des premiers bus (5h30) et donc de ne pas voir le lever de soleil sur le Machu Picchu. Si on ne veut pas prendre le bus, on peut monter \u00e0 pied.<\/p>\n<p style=\"text-align: justify;\"><strong>A Huaraz (P\u00e9rou) :<\/strong><\/p>\n<p style=\"text-align: justify;\">&#8211; Caroline Lodging (Urb. Avitentel. MZ D lote 1, Huaraz, Ancash \u2013 PERU) : accueil tr\u00e8s chaleureux, petit d\u00e9j copieux et compris, terrasse avec vue sur les montagnes.<\/p>\n<p style=\"text-align: justify;\">&#8211; Agence Galaxia Expeditions (Parque del Periodista Mza. unica &#8211; Huaraz &#8211; Ancash &#8211; Per\u00fa) : guide tr\u00e8s sympathique (Ricardo), merveilleux cuisinier (Umberto), organisation parfaite<\/p>\n<p style=\"text-align: justify;\"><strong>A Leon (Nicaragua) :<\/strong><\/p>\n<p style=\"text-align: justify;\">&#8211; Hostel La tortuga booluda : super accueil, pas cher, petit dej compris, calme, hamacs&#8230;<\/p>\n<p style=\"text-align: justify;\"><strong>Au N\u00e9pal :<\/strong><\/p>\n<p style=\"text-align: justify;\">&#8211; Agence de trek : Ecology Green Treks. Guide : Ram Kaji Tamang (Lama) <a href=\"http:\/\/www.trekaunepal.com\" target=\"_blank\" rel=\"noopener\">http:\/\/www.trekaunepal.com<\/a>&nbsp;&nbsp; email: info@trekaunepal.com<\/p>\n<p style=\"text-align: justify;\">\n","protected":false},"excerpt":{"rendered":"<p>Tant qu&rsquo;\u00e0 faire quand on passe par un h\u00f4tel vraiment sympa ou qu&rsquo;on d\u00e9couvre un coin particulier, il vaut mieux partager l&rsquo;information. Donc ici, je regrouperai les bonnes infos pratiques pour que cela puisse servir \u00e0 d&rsquo;autres.<br \/>\nA Potosi (Bolivie) :<br \/>\n&#8211; Hostel Koala Den (Calle Junin #56, Potosi, Bolivie), tr\u00e8s sympa, l&rsquo;annexe est presque encore mieux [&#8230;]<\/p>\n","protected":false},"author":1,"featured_media":0,"parent":0,"menu_order":0,"comment_status":"closed","ping_status":"open","template":"","meta":{"_links_to":"","_links_to_target":""},"_links":{"self":[{"href":"http:\/\/www.mondetourdumonde.com\/index.php?rest_route=\/wp\/v2\/pages\/470"}],"collection":[{"href":"http:\/\/www.mondetourdumonde.com\/index.php?rest_route=\/wp\/v2\/pages"}],"about":[{"href":"http:\/\/www.mondetourdumonde.com\/index.php?rest_route=\/wp\/v2\/types\/page"}],"author":[{"embeddable":true,"href":"http:\/\/www.mondetourdumonde.com\/index.php?rest_route=\/wp\/v2\/users\/1"}],"replies":[{"embeddable":true,"href":"http:\/\/www.mondetourdumonde.com\/index.php?rest_route=%2Fwp%2Fv2%2Fcomments&post=470"}],"version-history":[{"count":10,"href":"http:\/\/www.mondetourdumonde.com\/index.php?rest_route=\/wp\/v2\/pages\/470\/revisions"}],"predecessor-version":[{"id":11260,"href":"http:\/\/www.mondetourdumonde.com\/index.php?rest_route=\/wp\/v2\/pages\/470\/revisions\/11260"}],"wp:attachment":[{"href":"http:\/\/www.mondetourdumonde.com\/index.php?rest_route=%2Fwp%2Fv2%2Fmedia&parent=470"}],"curies":[{"name":"wp","href":"https:\/\/api.w.org\/{rel}","templated":true}]}}