{"id":107,"date":"2012-03-16T17:30:10","date_gmt":"2012-03-16T17:30:10","guid":{"rendered":"http:\/\/www.mondetourdumonde.com\/?page_id=107"},"modified":"2012-05-30T14:15:39","modified_gmt":"2012-05-30T14:15:39","slug":"amerique","status":"publish","type":"page","link":"http:\/\/www.mondetourdumonde.com\/?page_id=107","title":{"rendered":"Photos Am\u00e9rique"},"content":{"rendered":"<p style=\"text-align: justify;\">A cet endroit, les photos des 5 mois pass\u00e9s en Am\u00e9rique sont (ou vont \u00eatre) regroup\u00e9es. Pour naviguer en fonction du pays, cliquer sur le lien qui vous int\u00e9resse (je suis s\u00fbre qu&rsquo;ils vous int\u00e9ressent tous !!) \u00e0 gauche de ce cadre.<br \/>\nBonne navigation \u00e0 tous<\/p>\n","protected":false},"excerpt":{"rendered":"<p>A cet endroit, les photos des 5 mois pass\u00e9s en Am\u00e9rique sont (ou vont \u00eatre) regroup\u00e9es. Pour naviguer en fonction du pays, cliquer sur le lien qui vous int\u00e9resse (je suis s\u00fbre qu&rsquo;ils vous int\u00e9ressent tous !!) \u00e0 gauche de ce cadre.<br \/>\nBonne navigation \u00e0 tous<\/p>\n","protected":false},"author":1,"featured_media":0,"parent":0,"menu_order":0,"comment_status":"open","ping_status":"open","template":"","meta":{"_links_to":"","_links_to_target":""},"_links":{"self":[{"href":"http:\/\/www.mondetourdumonde.com\/index.php?rest_route=\/wp\/v2\/pages\/107"}],"collection":[{"href":"http:\/\/www.mondetourdumonde.com\/index.php?rest_route=\/wp\/v2\/pages"}],"about":[{"href":"http:\/\/www.mondetourdumonde.com\/index.php?rest_route=\/wp\/v2\/types\/page"}],"author":[{"embeddable":true,"href":"http:\/\/www.mondetourdumonde.com\/index.php?rest_route=\/wp\/v2\/users\/1"}],"replies":[{"embeddable":true,"href":"http:\/\/www.mondetourdumonde.com\/index.php?rest_route=%2Fwp%2Fv2%2Fcomments&post=107"}],"version-history":[{"count":5,"href":"http:\/\/www.mondetourdumonde.com\/index.php?rest_route=\/wp\/v2\/pages\/107\/revisions"}],"predecessor-version":[{"id":513,"href":"http:\/\/www.mondetourdumonde.com\/index.php?rest_route=\/wp\/v2\/pages\/107\/revisions\/513"}],"wp:attachment":[{"href":"http:\/\/www.mondetourdumonde.com\/index.php?rest_route=%2Fwp%2Fv2%2Fmedia&parent=107"}],"curies":[{"name":"wp","href":"https:\/\/api.w.org\/{rel}","templated":true}]}}